{"id":2229,"date":"2019-02-12T06:32:16","date_gmt":"2019-02-12T06:32:16","guid":{"rendered":"http:\/\/www.ahmed-vall.com\/?page_id=2229"},"modified":"2019-02-13T13:32:09","modified_gmt":"2019-02-13T13:32:09","slug":"accueil","status":"publish","type":"page","link":"https:\/\/www.ahmed-vall.com\/","title":{"rendered":"Accueil"},"content":{"rendered":"\n<h2 class=\"wp-block-heading\">Sidi Abdoullah Ould Ahmed Vall<\/h2>\n\n\n<h3 style=\"text-align: center;\"><strong><span style=\"font-size: x-large;\">\u00a0<\/span><span style=\"color: #000080;\">Domaines<\/span><\/strong><\/h3>\n<div class=\"su-tabs su-tabs-style-default su-tabs-mobile-stack\" data-active=\"1\" data-scroll-offset=\"0\" data-anchor-in-url=\"no\"><div class=\"su-tabs-nav\"><span class=\"\" data-url=\"\" data-target=\"blank\" tabindex=\"0\" role=\"button\">FinTech &amp; Blockchain<\/span><span class=\"\" data-url=\"\" data-target=\"blank\" tabindex=\"0\" role=\"button\">IT - Technologies<\/span><span class=\"\" data-url=\"\" data-target=\"blank\" tabindex=\"0\" role=\"button\">Arts Martiaux et self d\u00e9fense<\/span><span class=\"\" data-url=\"\" data-target=\"blank\" tabindex=\"0\" role=\"button\">Associations<\/span><span class=\"\" data-url=\"\" data-target=\"blank\" tabindex=\"0\" role=\"button\">Photos<\/span><\/div><div class=\"su-tabs-panes\"><div class=\"su-tabs-pane su-u-clearfix su-u-trim\" data-title=\"FinTech &amp; Blockchain\">\n<div class=\"su-accordion su-u-trim\">\n<div class=\"su-spoiler su-spoiler-style-default su-spoiler-icon-plus su-spoiler-closed\" data-scroll-offset=\"0\" data-anchor-in-url=\"no\"><div class=\"su-spoiler-title\" tabindex=\"0\" role=\"button\"><span class=\"su-spoiler-icon\"><\/span><strong>D\u00e9finition et explication<\/strong><\/div><div class=\"su-spoiler-content su-u-clearfix su-u-trim\">\n<ul>\n<li style=\"text-align: justify;\">\n<p>La blockchain est une technologie de stockage et de transmission d\u2019informations, transparente, s\u00e9curis\u00e9e, et fonctionnant sans organe central de contr\u00f4le (d\u00e9finition de Blockchain France).<\/p>\n<p>Par extension, une blockchain constitue une base de donn\u00e9es qui contient l\u2019historique de tous les \u00e9changes effectu\u00e9s entre ses utilisateurs depuis sa cr\u00e9ation. Cette base de donn\u00e9es est s\u00e9curis\u00e9e et distribu\u00e9e : elle est partag\u00e9e par ses diff\u00e9rents utilisateurs, sans interm\u00e9diaire, ce qui permet \u00e0 chacun de v\u00e9rifier la validit\u00e9 de la cha\u00eene.<\/p>\n<\/li>\n<\/ul>\n<\/div><\/div>\n<div class=\"su-spoiler su-spoiler-style-default su-spoiler-icon-plus su-spoiler-closed\" data-scroll-offset=\"0\" data-anchor-in-url=\"no\"><div class=\"su-spoiler-title\" tabindex=\"0\" role=\"button\"><span class=\"su-spoiler-icon\"><\/span><strong>Blck-schema<\/strong><\/div><div class=\"su-spoiler-content su-u-clearfix su-u-trim\">\n<ul>\n<li style=\"text-align: justify;\">\n<p>Il existe des blockchains publiques, ouvertes \u00e0 tous, et des blockchains priv\u00e9es, dont l\u2019acc\u00e8s et l\u2019utilisation sont limit\u00e9es \u00e0 un certain nombre d\u2019acteurs.<\/p>\n<p>Une blockchain publique peut donc \u00eatre assimil\u00e9e \u00e0 un grand livre comptable public, anonyme et infalsifiable. Comme l\u2019\u00e9crit le math\u00e9maticien Jean-Paul Delahaye, il faut s\u2019imaginer \u00ab un tr\u00e8s grand cahier, que tout le monde peut lire librement et gratuitement, sur lequel tout le monde peut \u00e9crire, mais qui est impossible \u00e0 effacer et indestructible. \u00bb<\/p>\n<\/li>\n<\/ul>\n<\/div><\/div>\n<div class=\"su-spoiler su-spoiler-style-default su-spoiler-icon-plus su-spoiler-closed\" data-scroll-offset=\"0\" data-anchor-in-url=\"no\"><div class=\"su-spoiler-title\" tabindex=\"0\" role=\"button\"><span class=\"su-spoiler-icon\"><\/span><strong>Situer la blockchain<\/strong><\/div><div class=\"su-spoiler-content su-u-clearfix su-u-trim\">\n<ul>\n<li style=\"text-align: justify;\">\n<p>La premi\u00e8re blockchain est apparue en 2008 avec la monnaie num\u00e9rique bitcoin, d\u00e9velopp\u00e9e par un inconnu se pr\u00e9sentant sous le pseudonyme Satoshi Nakamoto. Elle en est l\u2019architecture sous-jacente.<\/p>\n<p>Si blockchain et bitcoin ont \u00e9t\u00e9 construits ensemble, aujourd\u2019hui de nombreux acteurs (entreprises, gouvernements, etc) envisagent l\u2019utilisation de la technologie blockchain pour d\u2019autres cas que la monnaie num\u00e9rique.<\/p>\n<\/li>\n<\/ul>\n<\/div><\/div>\n<div class=\"su-spoiler su-spoiler-style-default su-spoiler-icon-plus su-spoiler-closed\" data-scroll-offset=\"0\" data-anchor-in-url=\"no\"><div class=\"su-spoiler-title\" tabindex=\"0\" role=\"button\"><span class=\"su-spoiler-icon\"><\/span><strong>Comment \u00e7a marche ?<\/strong><\/div><div class=\"su-spoiler-content su-u-clearfix su-u-trim\">\n<ul>\n<li style=\"text-align: justify;\">\n<p>Toute blockchain publique fonctionne n\u00e9cessairement avec une monnaie ou un token (jeton) programmable. Bitcoin est un exemple de monnaie programmable.<\/p>\n<p>Les transactions effectu\u00e9es entre les utilisateurs du r\u00e9seau sont regroup\u00e9es par blocs. Chaque bloc est valid\u00e9 par les noeuds du r\u00e9seau appel\u00e9s les \u201cmineurs\u201d, selon des techniques qui d\u00e9pendent du type de blockchain. Dans la blockchain du bitcoin cette technique est appel\u00e9e le \u201cProof-of-Work\u201d, preuve de travail, et consiste en la r\u00e9solution de probl\u00e8mes algorithmiques.<\/p>\n<p>Une fois le bloc valid\u00e9, il est horodat\u00e9 et ajout\u00e9 \u00e0 la cha\u00eene de blocs. La transaction est alors visible pour le r\u00e9cepteur ainsi que l\u2019ensemble du r\u00e9seau.<\/p>\n<\/li>\n<\/ul>\n<\/div><\/div>\n<div class=\"su-spoiler su-spoiler-style-default su-spoiler-icon-plus su-spoiler-closed\" data-scroll-offset=\"0\" data-anchor-in-url=\"no\"><div class=\"su-spoiler-title\" tabindex=\"0\" role=\"button\"><span class=\"su-spoiler-icon\"><\/span><strong>fonctionnement blockchain<\/strong><\/div><div class=\"su-spoiler-content su-u-clearfix su-u-trim\">\n<ul>\n<li>Ce processus prend un certain temps selon la blockchain dont on parle (environ une dizaine de minutes pour bitcoin, 15 secondes pour Ethereum).<\/li>\n<\/ul>\n<\/div><\/div>\n<div class=\"su-spoiler su-spoiler-style-default su-spoiler-icon-plus su-spoiler-closed\" data-scroll-offset=\"0\" data-anchor-in-url=\"no\"><div class=\"su-spoiler-title\" tabindex=\"0\" role=\"button\"><span class=\"su-spoiler-icon\"><\/span><strong>Le potentiel de la blockchain<\/strong><\/div><div class=\"su-spoiler-content su-u-clearfix su-u-trim\">\n<ul>\n<li style=\"text-align: justify;\">\n<p>Le caract\u00e8re d\u00e9centralis\u00e9 de la blockchain, coupl\u00e9 avec sa s\u00e9curit\u00e9 et sa transparence, promet des applications bien plus larges que le domaine mon\u00e9taire.<\/p>\n<p>On peut classer l\u2019utilisation de la blockchain en trois cat\u00e9gories :<\/p>\n<p>Les applications pour le transfert d\u2019actifs (utilisation mon\u00e9taire, mais pas uniquement : titres, votes, actions, obligations\u2026).<br \/>Les applications de la blockchain en tant que registre : elle assure ainsi une meilleure tra\u00e7abilit\u00e9 des produits et des actifs.<br \/>Les smart contracts : il s\u2019agit de programmes autonomes qui ex\u00e9cutent automatiquement les conditions et termes d\u2019un contrat, sans n\u00e9cessiter d\u2019intervention humaine une fois d\u00e9marr\u00e9s.<br \/>Les champs d\u2019exploitation sont immenses : banques, assurance, sant\u00e9 et industrie pharmaceutique, supply chain de nombreux secteurs (agroalimentaire, luxe, commerce international, distribution, vins, a\u00e9ronautique, automobile\u2026), industrie musicale, \u00e9nergie, immobilier, vote\u2026<\/p>\n<p>Surtout, la blockchain ouvre la voie d\u2019un nouveau web, le web d\u00e9centralis\u00e9, et d\u2019une nouvelle \u00e9conomie num\u00e9rique, la token \u00e9conomie. Pour comprendre leurs enjeux, il est crucial d\u2019\u00e9viter les caricatures au sujet des cryptoactifs, qui sont au coeur de cette r\u00e9volution.<\/p>\n<p>Bien \u00e9videmment, ces promesses ne sont pas exemptes de d\u00e9fis, qu\u2019ils soient \u00e9conomiques, juridiques, de gouvernance, ou encore \u00e9cologiques.<\/p>\n<p>C\u2019est pourquoi nous faisons le choix chez Blockchain France d\u2019aborder la technologie blockchain sous tous ses angles, sans parti-pris, et sans en occulter ses limites.<\/p>\n<\/li>\n<\/ul>\n<\/div><\/div>\n<\/div>\n<p><a href=\"http:\/\/www.mse-it.com\">http:\/\/www.mse-it.com<\/a><\/p>\n<\/div>\n<div class=\"su-tabs-pane su-u-clearfix su-u-trim\" data-title=\"IT - Technologies\">\n<p><a href=\"http:\/\/www.mse-it.com\">http:\/\/www.mse-it.com<\/a><\/p>\n<h3>La blockchain devient r\u00e9alit\u00e9 en Mauritanie<\/h3>\n<p>En 2016 lancement de la technologie fintech et blockchain en Mauritanie par Sidi Ould Ahmed Vall.<\/p>\n<p>Premi\u00e8re conf\u00e9rence organis\u00e9e au Pays en collaboration avec la banque centrale de la Mauritanie :<br \/><a href=\"http:\/\/www.bcm.mr\/fintech-la-bcm-organise-un-diner-debat-sur-le-sujet\" target=\"_blank\" rel=\"noopener\">http:\/\/www.bcm.mr\/fintech-la-bcm-organise-un-diner-debat-sur-le-sujet<\/a><\/p>\n<p>Conf\u00e9rence anim\u00e9e par des sp\u00e9cialistes de renomm\u00e9e internationale dans le domaine des blockchain et l\u2019intelligence artificielle.<\/p>\n<p><img loading=\"lazy\" decoding=\"async\" class=\"wp-image-11367 alignleft\" src=\"http:\/\/www.mse-it.com\/wp-content\/uploads\/2018\/07\/IMG_7389-e1550041617478.jpg\" sizes=\"auto, (max-width: 246px) 100vw, 246px\" srcset=\"http:\/\/www.mse-it.com\/wp-content\/uploads\/2018\/07\/IMG_7389-e1550041617478.jpg 3024w, http:\/\/www.mse-it.com\/wp-content\/uploads\/2018\/07\/IMG_7389-e1550041617478-225x300.jpg 225w, http:\/\/www.mse-it.com\/wp-content\/uploads\/2018\/07\/IMG_7389-e1550041617478-768x1024.jpg 768w\" alt=\"\" width=\"242\" height=\"323\" \/><\/p>\n<p><strong>Dinis Guarda<\/strong><br \/>CEO Founder ztudium \u2013 blocksdna \u2013 influencedna -intelligenthq.com, author, influencer<\/p>\n<hr \/>\n<p><strong>Sidi Abdoullah Ould Ahmed Vall<\/strong><br \/>Specialist BlockChain \/ Fintech<br \/><strong>MBA<\/strong>\u00a0Sorbonne \u2013 BlockChain<br \/><strong>MBA<\/strong>\u00a0IFG \u2013 Blockchain<br \/><strong>Doctorate<\/strong>\u00a0Versailles \u2013 These Blockchain \/ IA<br \/><strong>McS<\/strong>\u00a0Salford university \u2013 Syst\u00e8me Inforamtion<br \/><strong>Master II<\/strong>\u00a0Sorbonne \u2013 Administration des entreprises\u00a0\u00a0<\/p>\n<\/div>\n<div class=\"su-tabs-pane su-u-clearfix su-u-trim\" data-title=\"Arts Martiaux et self d\u00e9fense\">\n<p><a href=\"http:\/\/www.artsmartiaux.ch\" target=\"_blank\" rel=\"noopener\">http:\/\/www.artsmartiaux.ch<\/a><\/p>\n<p><a href=\"http:\/\/www.ahmed-vall.com\/wp-content\/uploads\/2019\/02\/TY02_14_Sidi1.jpg\"><img loading=\"lazy\" decoding=\"async\" class=\" wp-image-2306 alignleft\" src=\"http:\/\/www.ahmed-vall.com\/wp-content\/uploads\/2019\/02\/TY02_14_Sidi1-240x300.jpg\" alt=\"\" width=\"171\" height=\"214\" srcset=\"https:\/\/www.ahmed-vall.com\/wp-content\/uploads\/2019\/02\/TY02_14_Sidi1-240x300.jpg 240w, https:\/\/www.ahmed-vall.com\/wp-content\/uploads\/2019\/02\/TY02_14_Sidi1-768x961.jpg 768w, https:\/\/www.ahmed-vall.com\/wp-content\/uploads\/2019\/02\/TY02_14_Sidi1-818x1024.jpg 818w, https:\/\/www.ahmed-vall.com\/wp-content\/uploads\/2019\/02\/TY02_14_Sidi1.jpg 1414w\" sizes=\"auto, (max-width: 171px) 100vw, 171px\" \/><\/a><\/p>\n<p style=\"padding-left: 60px;\">9e \u00a0DAN HAPKIDO &amp; Self d\u00e9fense\u00a0\u00a0 &gt; \u00a0\u00a0\u00a0\u00a0\u00a0\u00a0\u00a0\u00a0 le grade le plus \u00e9lev\u00e9\u00a0<br \/>6e\u00a0 DAN TAEKWONDO WTF<br \/>6e \u00a0DAN TEAKWONMUDO<\/p>\n<p style=\"padding-left: 60px;\">North Africa Representative of the Sin Moo Association<br \/>Pr\u00e9sident Chung do Kwan Suisse<br \/>Pr\u00e9sident Mudo Suisse.<br \/>Jumelage avec : SunMoon university en Cor\u00e9e\u00a0:\u00a0<a href=\"http:\/\/www.sunmoon.ac.kr\/\">www.sunmoon.ac.kr<\/a><br \/>Directeur Technique de : Arab African Hapkido federation<\/p>\n<p>\u00a0<\/p>\n<\/div>\n<div class=\"su-tabs-pane su-u-clearfix su-u-trim\" data-title=\"Associations\">\n<p><span style=\"color: #0000ff;\">Pr\u00e9sident de l&rsquo;association des Mauritaniens en Suisse &#8211; MauriSuisse.<\/span><\/p>\n<hr \/>\n<p>Bienvenus aux Mauritaniens en Suisse et environs.<br \/>Vous \u00eates mauritanien (ne) habitant(e) en Suisse ou environs, cette association est pour vous, elle a surtout besoin de vous.<br \/>Notre objectif est d\u2019\u00e9tablir la liste de tous les Mauritaniens en Suisse et de la r\u00e9gion, afin de tisser un lien fraternel \u00e0 travers des \u00e9v\u00e9nements et rencontres.<br \/>Des \u00e9changes et discussions nous permettrons de rester connect\u00e9 avec nos racines et valeurs.<br \/>Laissons de cot\u00e9 nos opinions politiques et raciales et unissons nous afin d\u2019apporter une contribution, selon nos moyens, pour aider nos compatriotes dans divers domaines.<br \/>Si vous connaissez des mauritaniens dans la r\u00e9gion informez les svp de l\u2019existence de cette association<\/p>\n<p><a href=\"http:\/\/www.mauritanie.ch\">http:\/\/www.mauritanie.ch<\/a><\/p>\n<hr \/>\n<p>association des maurtitaniens en suisse a pour but (de favoriser selon ses moyens) :<br \/>Favoriser l\u2019int\u00e9gration des Mauritaniens r\u00e9sidents en Suisse.<br \/>Organisation des \u00e9v\u00e9nements pour la communaut\u00e9 mauritanienne en Suisse.<br \/>Apporter un soutien (divers domaines) aux Mauritaniens en Suisse.<br \/>Promouvoir la culture Mauritanienne en Suisse.<br \/>Echange mauritano-suisse dans les domaines des nos comp\u00e9tences.<\/p>\n<p><strong>Divers domaines<\/strong><br \/>Nous pouvons vous aider dans les domaines suivants:<br \/>Suisse besoin de visa pour la Mauritanie.<br \/>Suisse besoin de contact en Mauritanie.<br \/>Suisse voulant une travers\u00e9e du d\u00e9sert Mauritanien.<br \/>Suisse voulant investir en Mauritanie.<br \/>Tourisme suisse en Mauritanie.<br \/>Consulat MAuritanien en Suisse.<br \/>Consulat Mauritanie \u00e0 Geneve.<\/p>\n<\/div>\n<div class=\"su-tabs-pane su-u-clearfix su-u-trim\" data-title=\"Photos\">\n<p><a href=\"http:\/\/www.ahmed-vall.com\/wp-content\/uploads\/2019\/02\/WQOX4596.jpg\"><img loading=\"lazy\" decoding=\"async\" class=\"size-medium wp-image-2345\" src=\"http:\/\/www.ahmed-vall.com\/wp-content\/uploads\/2019\/02\/WQOX4596-300x225.jpg\" alt=\"\" width=\"300\" height=\"225\" srcset=\"https:\/\/www.ahmed-vall.com\/wp-content\/uploads\/2019\/02\/WQOX4596-300x225.jpg 300w, https:\/\/www.ahmed-vall.com\/wp-content\/uploads\/2019\/02\/WQOX4596-768x576.jpg 768w, https:\/\/www.ahmed-vall.com\/wp-content\/uploads\/2019\/02\/WQOX4596-1024x768.jpg 1024w, https:\/\/www.ahmed-vall.com\/wp-content\/uploads\/2019\/02\/WQOX4596.jpg 1600w\" sizes=\"auto, (max-width: 300px) 100vw, 300px\" \/><\/a><a href=\"http:\/\/www.ahmed-vall.com\/wp-content\/uploads\/2019\/02\/IMG_9309.jpg\"><img loading=\"lazy\" decoding=\"async\" class=\"alignnone size-medium wp-image-2343\" src=\"http:\/\/www.ahmed-vall.com\/wp-content\/uploads\/2019\/02\/IMG_9309-300x225.jpg\" alt=\"\" width=\"300\" height=\"225\" srcset=\"https:\/\/www.ahmed-vall.com\/wp-content\/uploads\/2019\/02\/IMG_9309-300x225.jpg 300w, https:\/\/www.ahmed-vall.com\/wp-content\/uploads\/2019\/02\/IMG_9309-768x576.jpg 768w, https:\/\/www.ahmed-vall.com\/wp-content\/uploads\/2019\/02\/IMG_9309-1024x768.jpg 1024w\" sizes=\"auto, (max-width: 300px) 100vw, 300px\" \/><\/a><a href=\"http:\/\/www.ahmed-vall.com\/wp-content\/uploads\/2019\/02\/IMG_9283.jpg\"><img loading=\"lazy\" decoding=\"async\" class=\"alignnone size-medium wp-image-2342\" src=\"http:\/\/www.ahmed-vall.com\/wp-content\/uploads\/2019\/02\/IMG_9283-300x225.jpg\" alt=\"\" width=\"300\" height=\"225\" srcset=\"https:\/\/www.ahmed-vall.com\/wp-content\/uploads\/2019\/02\/IMG_9283-300x225.jpg 300w, https:\/\/www.ahmed-vall.com\/wp-content\/uploads\/2019\/02\/IMG_9283-768x576.jpg 768w, https:\/\/www.ahmed-vall.com\/wp-content\/uploads\/2019\/02\/IMG_9283-1024x768.jpg 1024w\" sizes=\"auto, (max-width: 300px) 100vw, 300px\" \/><\/a><a href=\"http:\/\/www.ahmed-vall.com\/wp-content\/uploads\/2019\/02\/FDMU6198-1.jpg\"><img loading=\"lazy\" decoding=\"async\" class=\"alignnone size-medium wp-image-2346\" src=\"http:\/\/www.ahmed-vall.com\/wp-content\/uploads\/2019\/02\/FDMU6198-1-300x225.jpg\" alt=\"\" width=\"300\" height=\"225\" srcset=\"https:\/\/www.ahmed-vall.com\/wp-content\/uploads\/2019\/02\/FDMU6198-1-300x225.jpg 300w, https:\/\/www.ahmed-vall.com\/wp-content\/uploads\/2019\/02\/FDMU6198-1-768x576.jpg 768w, https:\/\/www.ahmed-vall.com\/wp-content\/uploads\/2019\/02\/FDMU6198-1-1024x768.jpg 1024w, https:\/\/www.ahmed-vall.com\/wp-content\/uploads\/2019\/02\/FDMU6198-1.jpg 1600w\" sizes=\"auto, (max-width: 300px) 100vw, 300px\" \/><\/a><a href=\"http:\/\/www.ahmed-vall.com\/wp-content\/uploads\/2019\/02\/NLDY7226.jpg\"><img loading=\"lazy\" decoding=\"async\" class=\"alignnone size-medium wp-image-2344\" src=\"http:\/\/www.ahmed-vall.com\/wp-content\/uploads\/2019\/02\/NLDY7226-300x225.jpg\" alt=\"\" width=\"300\" height=\"225\" srcset=\"https:\/\/www.ahmed-vall.com\/wp-content\/uploads\/2019\/02\/NLDY7226-300x225.jpg 300w, https:\/\/www.ahmed-vall.com\/wp-content\/uploads\/2019\/02\/NLDY7226-768x576.jpg 768w, https:\/\/www.ahmed-vall.com\/wp-content\/uploads\/2019\/02\/NLDY7226-1024x768.jpg 1024w, https:\/\/www.ahmed-vall.com\/wp-content\/uploads\/2019\/02\/NLDY7226.jpg 1600w\" sizes=\"auto, (max-width: 300px) 100vw, 300px\" \/><\/a><a href=\"http:\/\/www.ahmed-vall.com\/wp-content\/uploads\/2019\/02\/IMG_9272.jpg\"><img loading=\"lazy\" decoding=\"async\" class=\"alignnone size-medium wp-image-2341\" src=\"http:\/\/www.ahmed-vall.com\/wp-content\/uploads\/2019\/02\/IMG_9272-300x225.jpg\" alt=\"\" width=\"300\" height=\"225\" srcset=\"https:\/\/www.ahmed-vall.com\/wp-content\/uploads\/2019\/02\/IMG_9272-300x225.jpg 300w, https:\/\/www.ahmed-vall.com\/wp-content\/uploads\/2019\/02\/IMG_9272-768x576.jpg 768w, https:\/\/www.ahmed-vall.com\/wp-content\/uploads\/2019\/02\/IMG_9272-1024x768.jpg 1024w\" sizes=\"auto, (max-width: 300px) 100vw, 300px\" \/><\/a><a href=\"http:\/\/www.ahmed-vall.com\/wp-content\/uploads\/2019\/02\/IMG_9059.jpg\"><img loading=\"lazy\" decoding=\"async\" class=\"alignnone size-medium wp-image-2340\" src=\"http:\/\/www.ahmed-vall.com\/wp-content\/uploads\/2019\/02\/IMG_9059-300x225.jpg\" alt=\"\" width=\"300\" height=\"225\" srcset=\"https:\/\/www.ahmed-vall.com\/wp-content\/uploads\/2019\/02\/IMG_9059-300x225.jpg 300w, https:\/\/www.ahmed-vall.com\/wp-content\/uploads\/2019\/02\/IMG_9059-768x576.jpg 768w, https:\/\/www.ahmed-vall.com\/wp-content\/uploads\/2019\/02\/IMG_9059-1024x768.jpg 1024w\" sizes=\"auto, (max-width: 300px) 100vw, 300px\" \/><\/a><a href=\"http:\/\/www.ahmed-vall.com\/wp-content\/uploads\/2019\/02\/IMG_8884.jpg\"><img loading=\"lazy\" decoding=\"async\" class=\"alignnone size-medium wp-image-2339\" src=\"http:\/\/www.ahmed-vall.com\/wp-content\/uploads\/2019\/02\/IMG_8884-300x225.jpg\" alt=\"\" width=\"300\" height=\"225\" srcset=\"https:\/\/www.ahmed-vall.com\/wp-content\/uploads\/2019\/02\/IMG_8884-300x225.jpg 300w, https:\/\/www.ahmed-vall.com\/wp-content\/uploads\/2019\/02\/IMG_8884-768x576.jpg 768w, https:\/\/www.ahmed-vall.com\/wp-content\/uploads\/2019\/02\/IMG_8884-1024x768.jpg 1024w\" sizes=\"auto, (max-width: 300px) 100vw, 300px\" \/><\/a><a href=\"http:\/\/www.ahmed-vall.com\/wp-content\/uploads\/2019\/02\/IMG_1150.jpg\"><img loading=\"lazy\" decoding=\"async\" class=\"alignnone size-medium wp-image-2338\" src=\"http:\/\/www.ahmed-vall.com\/wp-content\/uploads\/2019\/02\/IMG_1150-300x225.jpg\" alt=\"\" width=\"300\" height=\"225\" srcset=\"https:\/\/www.ahmed-vall.com\/wp-content\/uploads\/2019\/02\/IMG_1150-300x225.jpg 300w, https:\/\/www.ahmed-vall.com\/wp-content\/uploads\/2019\/02\/IMG_1150-768x576.jpg 768w, https:\/\/www.ahmed-vall.com\/wp-content\/uploads\/2019\/02\/IMG_1150-1024x768.jpg 1024w\" sizes=\"auto, (max-width: 300px) 100vw, 300px\" \/><\/a><a href=\"http:\/\/www.ahmed-vall.com\/wp-content\/uploads\/2019\/02\/IMG_0408.jpg\"><img loading=\"lazy\" decoding=\"async\" class=\"alignnone size-medium wp-image-2335\" src=\"http:\/\/www.ahmed-vall.com\/wp-content\/uploads\/2019\/02\/IMG_0408-300x225.jpg\" alt=\"\" width=\"300\" height=\"225\" srcset=\"https:\/\/www.ahmed-vall.com\/wp-content\/uploads\/2019\/02\/IMG_0408-300x225.jpg 300w, https:\/\/www.ahmed-vall.com\/wp-content\/uploads\/2019\/02\/IMG_0408-768x576.jpg 768w, https:\/\/www.ahmed-vall.com\/wp-content\/uploads\/2019\/02\/IMG_0408-1024x768.jpg 1024w\" sizes=\"auto, (max-width: 300px) 100vw, 300px\" \/><\/a><a href=\"http:\/\/www.ahmed-vall.com\/wp-content\/uploads\/2019\/02\/IMG_0393.jpg\"><img loading=\"lazy\" decoding=\"async\" class=\"alignnone size-medium wp-image-2334\" src=\"http:\/\/www.ahmed-vall.com\/wp-content\/uploads\/2019\/02\/IMG_0393-300x225.jpg\" alt=\"\" width=\"300\" height=\"225\" srcset=\"https:\/\/www.ahmed-vall.com\/wp-content\/uploads\/2019\/02\/IMG_0393-300x225.jpg 300w, https:\/\/www.ahmed-vall.com\/wp-content\/uploads\/2019\/02\/IMG_0393-768x576.jpg 768w, https:\/\/www.ahmed-vall.com\/wp-content\/uploads\/2019\/02\/IMG_0393-1024x768.jpg 1024w\" sizes=\"auto, (max-width: 300px) 100vw, 300px\" \/><\/a><a href=\"http:\/\/www.ahmed-vall.com\/wp-content\/uploads\/2019\/02\/IMG_0382.jpg\"><img loading=\"lazy\" decoding=\"async\" class=\"alignnone size-medium wp-image-2333\" src=\"http:\/\/www.ahmed-vall.com\/wp-content\/uploads\/2019\/02\/IMG_0382-300x225.jpg\" alt=\"\" width=\"300\" height=\"225\" srcset=\"https:\/\/www.ahmed-vall.com\/wp-content\/uploads\/2019\/02\/IMG_0382-300x225.jpg 300w, https:\/\/www.ahmed-vall.com\/wp-content\/uploads\/2019\/02\/IMG_0382-768x576.jpg 768w, https:\/\/www.ahmed-vall.com\/wp-content\/uploads\/2019\/02\/IMG_0382-1024x768.jpg 1024w\" sizes=\"auto, (max-width: 300px) 100vw, 300px\" \/><\/a><a href=\"http:\/\/www.ahmed-vall.com\/wp-content\/uploads\/2019\/02\/IMG_0379.jpg\"><img loading=\"lazy\" decoding=\"async\" class=\"alignnone size-medium wp-image-2332\" src=\"http:\/\/www.ahmed-vall.com\/wp-content\/uploads\/2019\/02\/IMG_0379-300x225.jpg\" alt=\"\" width=\"300\" height=\"225\" srcset=\"https:\/\/www.ahmed-vall.com\/wp-content\/uploads\/2019\/02\/IMG_0379-300x225.jpg 300w, https:\/\/www.ahmed-vall.com\/wp-content\/uploads\/2019\/02\/IMG_0379-768x576.jpg 768w, https:\/\/www.ahmed-vall.com\/wp-content\/uploads\/2019\/02\/IMG_0379-1024x768.jpg 1024w\" sizes=\"auto, (max-width: 300px) 100vw, 300px\" \/><\/a><a href=\"http:\/\/www.ahmed-vall.com\/wp-content\/uploads\/2019\/02\/IMG_0360.jpg\"><img loading=\"lazy\" decoding=\"async\" class=\"alignnone size-medium wp-image-2331\" src=\"http:\/\/www.ahmed-vall.com\/wp-content\/uploads\/2019\/02\/IMG_0360-300x225.jpg\" alt=\"\" width=\"300\" height=\"225\" srcset=\"https:\/\/www.ahmed-vall.com\/wp-content\/uploads\/2019\/02\/IMG_0360-300x225.jpg 300w, https:\/\/www.ahmed-vall.com\/wp-content\/uploads\/2019\/02\/IMG_0360-768x576.jpg 768w, https:\/\/www.ahmed-vall.com\/wp-content\/uploads\/2019\/02\/IMG_0360-1024x768.jpg 1024w\" sizes=\"auto, (max-width: 300px) 100vw, 300px\" \/><\/a><a href=\"http:\/\/www.ahmed-vall.com\/wp-content\/uploads\/2019\/02\/IMG_0339.jpg\"><img loading=\"lazy\" decoding=\"async\" class=\"alignnone size-medium wp-image-2329\" src=\"http:\/\/www.ahmed-vall.com\/wp-content\/uploads\/2019\/02\/IMG_0339-300x225.jpg\" alt=\"\" width=\"300\" height=\"225\" srcset=\"https:\/\/www.ahmed-vall.com\/wp-content\/uploads\/2019\/02\/IMG_0339-300x225.jpg 300w, https:\/\/www.ahmed-vall.com\/wp-content\/uploads\/2019\/02\/IMG_0339-768x576.jpg 768w, https:\/\/www.ahmed-vall.com\/wp-content\/uploads\/2019\/02\/IMG_0339-1024x768.jpg 1024w\" sizes=\"auto, (max-width: 300px) 100vw, 300px\" \/><\/a><a href=\"http:\/\/www.ahmed-vall.com\/wp-content\/uploads\/2019\/02\/IMG_0302.jpg\"><img loading=\"lazy\" decoding=\"async\" class=\"alignnone size-medium wp-image-2328\" src=\"http:\/\/www.ahmed-vall.com\/wp-content\/uploads\/2019\/02\/IMG_0302-300x225.jpg\" alt=\"\" width=\"300\" height=\"225\" srcset=\"https:\/\/www.ahmed-vall.com\/wp-content\/uploads\/2019\/02\/IMG_0302-300x225.jpg 300w, https:\/\/www.ahmed-vall.com\/wp-content\/uploads\/2019\/02\/IMG_0302-768x576.jpg 768w, https:\/\/www.ahmed-vall.com\/wp-content\/uploads\/2019\/02\/IMG_0302-1024x768.jpg 1024w, https:\/\/www.ahmed-vall.com\/wp-content\/uploads\/2019\/02\/IMG_0302.jpg 1600w\" sizes=\"auto, (max-width: 300px) 100vw, 300px\" \/><\/a><a href=\"http:\/\/www.ahmed-vall.com\/wp-content\/uploads\/2019\/02\/IGLL4184.jpg\"><img loading=\"lazy\" decoding=\"async\" class=\"alignnone size-medium wp-image-2327\" src=\"http:\/\/www.ahmed-vall.com\/wp-content\/uploads\/2019\/02\/IGLL4184-225x300.jpg\" alt=\"\" width=\"225\" height=\"300\" srcset=\"https:\/\/www.ahmed-vall.com\/wp-content\/uploads\/2019\/02\/IGLL4184-225x300.jpg 225w, https:\/\/www.ahmed-vall.com\/wp-content\/uploads\/2019\/02\/IGLL4184-768x1024.jpg 768w, https:\/\/www.ahmed-vall.com\/wp-content\/uploads\/2019\/02\/IGLL4184.jpg 1200w\" sizes=\"auto, (max-width: 225px) 100vw, 225px\" \/><\/a><a href=\"http:\/\/www.ahmed-vall.com\/wp-content\/uploads\/2019\/02\/FDMU6198.jpg\"><img loading=\"lazy\" decoding=\"async\" class=\"alignnone size-medium wp-image-2326\" src=\"http:\/\/www.ahmed-vall.com\/wp-content\/uploads\/2019\/02\/FDMU6198-300x225.jpg\" alt=\"\" width=\"300\" height=\"225\" srcset=\"https:\/\/www.ahmed-vall.com\/wp-content\/uploads\/2019\/02\/FDMU6198-300x225.jpg 300w, https:\/\/www.ahmed-vall.com\/wp-content\/uploads\/2019\/02\/FDMU6198-768x576.jpg 768w, https:\/\/www.ahmed-vall.com\/wp-content\/uploads\/2019\/02\/FDMU6198-1024x768.jpg 1024w, https:\/\/www.ahmed-vall.com\/wp-content\/uploads\/2019\/02\/FDMU6198.jpg 1600w\" sizes=\"auto, (max-width: 300px) 100vw, 300px\" \/><\/a><\/p>\n<\/div><\/div><\/div>\n<p>\u00a0<\/p>\n\n\n<p><\/p>\n","protected":false},"excerpt":{"rendered":"<p>Sidi Abdoullah Ould Ahmed Vall \u00a0Domaines \u00a0<\/p>\n","protected":false},"author":2,"featured_media":0,"parent":0,"menu_order":0,"comment_status":"closed","ping_status":"closed","template":"","meta":{"footnotes":""},"class_list":["post-2229","page","type-page","status-publish","hentry"],"_links":{"self":[{"href":"https:\/\/www.ahmed-vall.com\/index.php?rest_route=\/wp\/v2\/pages\/2229","targetHints":{"allow":["GET"]}}],"collection":[{"href":"https:\/\/www.ahmed-vall.com\/index.php?rest_route=\/wp\/v2\/pages"}],"about":[{"href":"https:\/\/www.ahmed-vall.com\/index.php?rest_route=\/wp\/v2\/types\/page"}],"author":[{"embeddable":true,"href":"https:\/\/www.ahmed-vall.com\/index.php?rest_route=\/wp\/v2\/users\/2"}],"replies":[{"embeddable":true,"href":"https:\/\/www.ahmed-vall.com\/index.php?rest_route=%2Fwp%2Fv2%2Fcomments&post=2229"}],"version-history":[{"count":35,"href":"https:\/\/www.ahmed-vall.com\/index.php?rest_route=\/wp\/v2\/pages\/2229\/revisions"}],"predecessor-version":[{"id":2350,"href":"https:\/\/www.ahmed-vall.com\/index.php?rest_route=\/wp\/v2\/pages\/2229\/revisions\/2350"}],"wp:attachment":[{"href":"https:\/\/www.ahmed-vall.com\/index.php?rest_route=%2Fwp%2Fv2%2Fmedia&parent=2229"}],"curies":[{"name":"wp","href":"https:\/\/api.w.org\/{rel}","templated":true}]}}